{"id":15791,"date":"2024-08-13T22:17:33","date_gmt":"2024-08-13T20:17:33","guid":{"rendered":"https:\/\/kurt-singer.com\/thailand\/?page_id=15791"},"modified":"2026-03-25T00:46:33","modified_gmt":"2026-03-24T23:46:33","slug":"2012-ausfluege","status":"publish","type":"page","link":"https:\/\/kurt-singer.com\/thailand\/2012-ausfluege\/","title":{"rendered":"2012 Ausfl\u00fcge"},"content":{"rendered":"\n<div class=\"et_pb_section_0 et_pb_section et_section_regular et_block_section\"><div class=\"et_pb_row_0 et_pb_row et_block_row\"><div class=\"et_pb_column_0 et_pb_column et_pb_column_4_4 et-last-child et_block_column et_pb_css_mix_blend_mode_passthrough\"><div class=\"et_pb_menu_0 et_pb_menu et_pb_menu--without-logo et_pb_menu--style-left_aligned et_dropdown_animation_fade et_pb_bg_layout_light et_pb_text_align_right-tablet et_pb_text_align_right-phone et_pb_module et_flex_module\"><div class=\"et_pb_menu_inner_container et_flex_module\"><div class=\"et_pb_menu__wrap\"><div class=\"et_pb_menu__menu\"><nav class=\"et-menu-nav\"><ul id=\"menu-reise2012\" class=\"et-menu nav downwards\"><li id=\"menu-item-15763\" class=\"et_pb_menu_page_id-15761 menu-item menu-item-type-post_type menu-item-object-page menu-item-has-children menu-item-15763\"><a href=\"https:\/\/kurt-singer.com\/thailand\/2012-vorwort\/\">Vorwort<\/a>\n<ul class=\"sub-menu\">\n\t<li id=\"menu-item-15804\" class=\"et_pb_menu_page_id-15765 menu-item menu-item-type-post_type menu-item-object-page menu-item-15804\"><a href=\"https:\/\/kurt-singer.com\/thailand\/2012-buchung\/\">2012 Buchung<\/a><\/li>\n\t<li id=\"menu-item-15803\" class=\"et_pb_menu_page_id-15767 menu-item menu-item-type-post_type menu-item-object-page menu-item-15803\"><a href=\"https:\/\/kurt-singer.com\/thailand\/2012-bangkok\/\">2012 Bangkok<\/a><\/li>\n\t<li id=\"menu-item-15801\" class=\"et_pb_menu_page_id-15769 menu-item menu-item-type-post_type menu-item-object-page menu-item-15801\"><a href=\"https:\/\/kurt-singer.com\/thailand\/2012-susanne-und-peter\/\">2012 Susanne und Peter<\/a><\/li>\n<\/ul>\n<\/li>\n<li id=\"menu-item-15816\" class=\"et_pb_menu_page_id-15771 menu-item menu-item-type-post_type menu-item-object-page menu-item-has-children menu-item-15816\"><a href=\"https:\/\/kurt-singer.com\/thailand\/2012-korat\/\">Korat<\/a>\n<ul class=\"sub-menu\">\n\t<li id=\"menu-item-15817\" class=\"et_pb_menu_page_id-15773 menu-item menu-item-type-post_type menu-item-object-page menu-item-15817\"><a href=\"https:\/\/kurt-singer.com\/thailand\/2012-nachbarskinder\/\">2012 Nachbarskinder<\/a><\/li>\n\t<li id=\"menu-item-15808\" class=\"et_pb_menu_page_id-15775 menu-item menu-item-type-post_type menu-item-object-page menu-item-15808\"><a href=\"https:\/\/kurt-singer.com\/thailand\/2012-begegnungen\/\">2012 Begegnungen<\/a><\/li>\n\t<li id=\"menu-item-15811\" class=\"et_pb_menu_page_id-15777 menu-item menu-item-type-post_type menu-item-object-page menu-item-15811\"><a href=\"https:\/\/kurt-singer.com\/thailand\/2012-die-toilette\/\">2012 Die Toilette<\/a><\/li>\n\t<li id=\"menu-item-15819\" class=\"et_pb_menu_page_id-15779 menu-item menu-item-type-post_type menu-item-object-page menu-item-15819\"><a href=\"https:\/\/kurt-singer.com\/thailand\/2012-nichtstun\/\">2012 Nichtstun<\/a><\/li>\n\t<li id=\"menu-item-15813\" class=\"et_pb_menu_page_id-15781 menu-item menu-item-type-post_type menu-item-object-page menu-item-15813\"><a href=\"https:\/\/kurt-singer.com\/thailand\/2012-erinnerungen\/\">2012 Erinnerungen<\/a><\/li>\n\t<li id=\"menu-item-15805\" class=\"et_pb_menu_page_id-15783 menu-item menu-item-type-post_type menu-item-object-page menu-item-15805\"><a href=\"https:\/\/kurt-singer.com\/thailand\/2012-29-wat\/\">2012 29 Wat<\/a><\/li>\n\t<li id=\"menu-item-15812\" class=\"et_pb_menu_page_id-15785 menu-item menu-item-type-post_type menu-item-object-page menu-item-15812\"><a href=\"https:\/\/kurt-singer.com\/thailand\/2012-die-treppe\/\">2012 Die Treppe<\/a><\/li>\n\t<li id=\"menu-item-15815\" class=\"et_pb_menu_page_id-15787 menu-item menu-item-type-post_type menu-item-object-page menu-item-15815\"><a href=\"https:\/\/kurt-singer.com\/thailand\/2012-gluecksprinzip\/\">2012 Gl\u00fccksprinzip<\/a><\/li>\n\t<li id=\"menu-item-15814\" class=\"et_pb_menu_page_id-15789 menu-item menu-item-type-post_type menu-item-object-page menu-item-15814\"><a href=\"https:\/\/kurt-singer.com\/thailand\/2012-gedanken\/\">2012 Gedanken<\/a><\/li>\n<\/ul>\n<\/li>\n<li id=\"menu-item-15806\" class=\"et_pb_menu_page_id-15791 menu-item menu-item-type-post_type menu-item-object-page menu-item-has-children menu-item-15806\"><a href=\"https:\/\/kurt-singer.com\/thailand\/2012-ausfluege\/\">Ausfl\u00fcge<\/a>\n<ul class=\"sub-menu\">\n\t<li id=\"menu-item-15810\" class=\"et_pb_menu_page_id-15793 menu-item menu-item-type-post_type menu-item-object-page menu-item-15810\"><a href=\"https:\/\/kurt-singer.com\/thailand\/2012-chaiyaphum\/\">2012 Chaiyaphum<\/a><\/li>\n\t<li id=\"menu-item-15820\" class=\"et_pb_menu_page_id-15795 menu-item menu-item-type-post_type menu-item-object-page menu-item-15820\"><a href=\"https:\/\/kurt-singer.com\/thailand\/2012-pak-tong-chai\/\">2012 Pak Tong Chai<\/a><\/li>\n<\/ul>\n<\/li>\n<li id=\"menu-item-15821\" class=\"et_pb_menu_page_id-15797 menu-item menu-item-type-post_type menu-item-object-page menu-item-15821\"><a href=\"https:\/\/kurt-singer.com\/thailand\/2012-rueckreise\/\">R\u00fcckreise<\/a><\/li>\n<li id=\"menu-item-15818\" class=\"et_pb_menu_page_id-15799 menu-item menu-item-type-post_type menu-item-object-page menu-item-15818\"><a href=\"https:\/\/kurt-singer.com\/thailand\/2012-nachbetrachtung\/\">Nachbetrachtung<\/a><\/li>\n<\/ul><\/nav><\/div><div class=\"et_mobile_nav_menu\"><div class=\"mobile_nav closed\"><span class=\"mobile_menu_bar\"><\/span><\/div><\/div><\/div><\/div><\/div><\/div><\/div><\/div><div class=\"et_pb_section_1 et_pb_section et_section_regular et_block_section\"><div class=\"et_pb_row_1 et_pb_row et_block_row\"><div class=\"et_pb_column_1 et_pb_column et_pb_column_4_4 et-last-child et_block_column et_pb_css_mix_blend_mode_passthrough\"><div class=\"et_pb_text_0 et_pb_text et_pb_bg_layout_light et_pb_module et_block_module\"><div class=\"et_pb_text_inner\"><h1>Ausfl\u00fcge, alleine und mit der Familie, hier einmal in Bildern vorgestellt.<\/h1>\n<\/div><\/div><\/div><\/div><div class=\"et_pb_row_2 et_pb_row et_pb_row_3-4_1-4 et_block_row et_block_row_3-4_1-4\"><div class=\"et_pb_column_2 et_pb_column et_pb_column_3_4 et_block_column et_pb_css_mix_blend_mode_passthrough\"><div class=\"et_pb_text_1 et_pb_text et_pb_bg_layout_light et_pb_module et_block_module\"><div class=\"et_pb_text_inner\"><p>Die Tage in Korat bestanden nicht nur aus dem Sitzen auf der heimischen Terrasse oder dem Besuch der Mall in Mueang Korat, sondern ich habe auch einige wenige Ausfl\u00fcge unternommen. Alleine mit dem Bus oder zusammen mit der Familie im entsprechenden Auto waren wir auch ein wenig unterwegs, zumindest in die Nachbarprovinzen oder ganz zum Schluss nach Bangkok um die Provint Kahon Pathom. Die Familie ist nat\u00fcrlich die Familie von Seiten meiner Frau, aber wir sind inzwischen im Laufe der Jahre sehr zusammengewachsen. Und darum m\u00f6chte ich die Menschen, die mir so viel bedeuten und mit denen ich so gerne zusammen bin, auch einmal im Bilde vorstellen. An dieser Stelle also einige Fotos von ihnen.<\/p>\n<p>Die Familie besteht im Wesentlichen aus Lek und Nang mit ihren T\u00f6chtern P\u00fcng und deren Kindern sowie Pat. Nang ist eine engagierte Lehrerin an einer Grundschule ausserhalb der Stadt Korat. W\u00e4hrend sie fr\u00fcher in der Soi 5 unserer Siedlung, also nur 4 Strassen weiter als wir, gewohnt haben, bezogen sie im letzten Jahr ein neues Haus in Ban Suan, einem weiter entfernten Stadtteil von Korat. Das tut dem Familienleben keinen Abbruch, und ich habe bereits die Song-Thew-Linien herausgefunden, mit denen ich das neue Heim erreichen kann.<\/p>\n<p>Lek ist Personaloffizier bei der Luftwaffe und seit ein paar Monaten am Flughafen Don Mueang in Bangkok stationiert. Das bedeutet f\u00fcr ihn ungewohnte w\u00f6chentliche Heimfahrten, eine davon haben wir ja als Transfer von Bangkok nach Korat ausgenutzt.<\/p>\n<p>P\u00fcng, die \u00e4ltere Tochter, ist wie ihr Ehemann Dong ebenfalls bei der Luftwaffe und im Nachrichtenwesen t\u00e4tig. Dong ist Pilot.<\/p>\n<p>Das K\u00fcken Pat hat an der Suranari University of Technology in Korat studiert und ihren Bachelor und Master erworben. Um auch einen Doktortitel zu erhalten, ist sie im August 2012 zu einer Universit\u00e4t in Japan gegangen und wird dort f\u00fcnf Jahre weiter studieren.<\/p>\n<p>Zur Familie geh\u00f6ren auch Mon und Gaeo. Mon ist die Schw\u00e4gerin meiner Tochter Nareerat. Sie hat fr\u00fcher in unserem Haus gewohnt und nunmehr ein eigenes bezogen. Vielleicht bemerkenswert: alle vorgestellten Frauen der Familie haben einern Universit\u00e4tsabschlu\u00df. Gaeo ist der Leiter der Firma, welche die Song Theaws in Korat betreibt.<\/p>\n<\/div><\/div><\/div><div class=\"et_pb_column_3 et_pb_column et_pb_column_1_4 et-last-child et_block_column et_pb_css_mix_blend_mode_passthrough\"><div class=\"et_pb_image_0 et_pb_image et_pb_image_sticky et_pb_has_overlay et_pb_module et_block_module\"><a href=\"https:\/\/kurt-singer.com\/thailand\/wp-content\/uploads\/sites\/7\/2024\/08\/2012-Nang.jpg\" class=\"et_pb_lightbox_image\"><span class=\"et_pb_image_wrap\"><img loading=\"lazy\" decoding=\"async\" src=\"https:\/\/kurt-singer.com\/thailand\/wp-content\/uploads\/sites\/7\/2024\/08\/2012-Nang.jpg\" width=\"980\" height=\"735\" srcset=\"https:\/\/kurt-singer.com\/thailand\/wp-content\/uploads\/sites\/7\/2024\/08\/2012-Nang.jpg 980w, https:\/\/kurt-singer.com\/thailand\/wp-content\/uploads\/sites\/7\/2024\/08\/2012-Nang-480x360.jpg 480w\" sizes=\"(min-width: 0px) and (max-width: 480px) 480px, (min-width: 481px) 980px, 100vw\" class=\"wp-image-13566\" \/><span class=\"et_overlay et_pb_inline_icon\" data-icon=\"T\"><\/span><\/span><\/a><\/div><div class=\"et_pb_text_2 et_pb_text et_pb_bg_layout_light et_pb_module et_block_module\"><div class=\"et_pb_text_inner\"><pre>\u00a0Nang und Lek<\/pre>\n<\/div><\/div><div class=\"et_pb_image_1 et_pb_image et_pb_image_sticky et_pb_has_overlay et_pb_module et_block_module\"><a href=\"https:\/\/kurt-singer.com\/thailand\/wp-content\/uploads\/sites\/7\/2024\/08\/2012-Pueng.jpg\" class=\"et_pb_lightbox_image\"><span class=\"et_pb_image_wrap\"><img loading=\"lazy\" decoding=\"async\" src=\"https:\/\/kurt-singer.com\/thailand\/wp-content\/uploads\/sites\/7\/2024\/08\/2012-Pueng.jpg\" width=\"980\" height=\"735\" srcset=\"https:\/\/kurt-singer.com\/thailand\/wp-content\/uploads\/sites\/7\/2024\/08\/2012-Pueng.jpg 980w, https:\/\/kurt-singer.com\/thailand\/wp-content\/uploads\/sites\/7\/2024\/08\/2012-Pueng-480x360.jpg 480w\" sizes=\"(min-width: 0px) and (max-width: 480px) 480px, (min-width: 481px) 980px, 100vw\" class=\"wp-image-13567\" \/><span class=\"et_overlay et_pb_inline_icon\" data-icon=\"T\"><\/span><\/span><\/a><\/div><div class=\"et_pb_text_3 et_pb_text et_pb_bg_layout_light et_pb_module et_block_module\"><div class=\"et_pb_text_inner\"><pre>\u00a0Hochzeit P\u00fcng<\/pre>\n<\/div><\/div><div class=\"et_pb_image_2 et_pb_image et_pb_image_sticky et_pb_has_overlay et_pb_module et_block_module\"><a href=\"https:\/\/kurt-singer.com\/thailand\/wp-content\/uploads\/sites\/7\/2024\/08\/2012-Pat.jpg\" class=\"et_pb_lightbox_image\"><span class=\"et_pb_image_wrap\"><img loading=\"lazy\" decoding=\"async\" src=\"https:\/\/kurt-singer.com\/thailand\/wp-content\/uploads\/sites\/7\/2024\/08\/2012-Pat.jpg\" width=\"980\" height=\"735\" srcset=\"https:\/\/kurt-singer.com\/thailand\/wp-content\/uploads\/sites\/7\/2024\/08\/2012-Pat.jpg 980w, https:\/\/kurt-singer.com\/thailand\/wp-content\/uploads\/sites\/7\/2024\/08\/2012-Pat-480x360.jpg 480w\" sizes=\"(min-width: 0px) and (max-width: 480px) 480px, (min-width: 481px) 980px, 100vw\" class=\"wp-image-13568\" \/><span class=\"et_overlay et_pb_inline_icon\" data-icon=\"T\"><\/span><\/span><\/a><\/div><div class=\"et_pb_text_4 et_pb_text et_pb_bg_layout_light et_pb_module et_block_module\"><div class=\"et_pb_text_inner\"><p>Masterabschluss Pat<\/p>\n<\/div><\/div><div class=\"et_pb_image_3 et_pb_image et_pb_image_sticky et_pb_has_overlay et_pb_module et_block_module\"><a href=\"https:\/\/kurt-singer.com\/thailand\/wp-content\/uploads\/sites\/7\/2024\/08\/2012-Mon-1.jpg\" class=\"et_pb_lightbox_image\"><span class=\"et_pb_image_wrap\"><img loading=\"lazy\" decoding=\"async\" src=\"https:\/\/kurt-singer.com\/thailand\/wp-content\/uploads\/sites\/7\/2024\/08\/2012-Mon-1.jpg\" width=\"980\" height=\"735\" srcset=\"https:\/\/kurt-singer.com\/thailand\/wp-content\/uploads\/sites\/7\/2024\/08\/2012-Mon-1.jpg 980w, https:\/\/kurt-singer.com\/thailand\/wp-content\/uploads\/sites\/7\/2024\/08\/2012-Mon-1-480x360.jpg 480w\" sizes=\"(min-width: 0px) and (max-width: 480px) 480px, (min-width: 481px) 980px, 100vw\" class=\"wp-image-13569\" \/><span class=\"et_overlay et_pb_inline_icon\" data-icon=\"T\"><\/span><\/span><\/a><\/div><div class=\"et_pb_text_5 et_pb_text et_pb_bg_layout_light et_pb_module et_block_module\"><div class=\"et_pb_text_inner\"><p>Bachelorabschluss Mon<\/p>\n<\/div><\/div><\/div><\/div><\/div>\n","protected":false},"excerpt":{"rendered":"","protected":false},"author":1,"featured_media":0,"parent":0,"menu_order":0,"comment_status":"closed","ping_status":"closed","template":"","meta":{"footnotes":""},"class_list":["post-15791","page","type-page","status-publish","hentry"],"_links":{"self":[{"href":"https:\/\/kurt-singer.com\/thailand\/wp-json\/wp\/v2\/pages\/15791","targetHints":{"allow":["GET"]}}],"collection":[{"href":"https:\/\/kurt-singer.com\/thailand\/wp-json\/wp\/v2\/pages"}],"about":[{"href":"https:\/\/kurt-singer.com\/thailand\/wp-json\/wp\/v2\/types\/page"}],"author":[{"embeddable":true,"href":"https:\/\/kurt-singer.com\/thailand\/wp-json\/wp\/v2\/users\/1"}],"replies":[{"embeddable":true,"href":"https:\/\/kurt-singer.com\/thailand\/wp-json\/wp\/v2\/comments?post=15791"}],"version-history":[{"count":4,"href":"https:\/\/kurt-singer.com\/thailand\/wp-json\/wp\/v2\/pages\/15791\/revisions"}],"predecessor-version":[{"id":16159,"href":"https:\/\/kurt-singer.com\/thailand\/wp-json\/wp\/v2\/pages\/15791\/revisions\/16159"}],"wp:attachment":[{"href":"https:\/\/kurt-singer.com\/thailand\/wp-json\/wp\/v2\/media?parent=15791"}],"curies":[{"name":"wp","href":"https:\/\/api.w.org\/{rel}","templated":true}]}}