{"id":15795,"date":"2024-08-13T22:18:12","date_gmt":"2024-08-13T20:18:12","guid":{"rendered":"https:\/\/kurt-singer.com\/thailand\/?page_id=15795"},"modified":"2026-03-25T00:46:36","modified_gmt":"2026-03-24T23:46:36","slug":"2012-pak-tong-chai","status":"publish","type":"page","link":"https:\/\/kurt-singer.com\/thailand\/2012-pak-tong-chai\/","title":{"rendered":"2012 Pak Tong Chai"},"content":{"rendered":"\n<div class=\"et_pb_section_0 et_pb_section et_section_regular et_block_section\"><div class=\"et_pb_row_0 et_pb_row et_block_row\"><div class=\"et_pb_column_0 et_pb_column et_pb_column_4_4 et-last-child et_block_column et_pb_css_mix_blend_mode_passthrough\"><div class=\"et_pb_menu_0 et_pb_menu et_pb_menu--without-logo et_pb_menu--style-left_aligned et_dropdown_animation_fade et_pb_bg_layout_light et_pb_text_align_right-tablet et_pb_text_align_right-phone et_pb_module et_flex_module\"><div class=\"et_pb_menu_inner_container et_flex_module\"><div class=\"et_pb_menu__wrap\"><div class=\"et_pb_menu__menu\"><nav class=\"et-menu-nav\"><ul id=\"menu-reise2012\" class=\"et-menu nav downwards\"><li id=\"menu-item-15763\" class=\"et_pb_menu_page_id-15761 menu-item menu-item-type-post_type menu-item-object-page menu-item-has-children menu-item-15763\"><a href=\"https:\/\/kurt-singer.com\/thailand\/2012-vorwort\/\">Vorwort<\/a>\n<ul class=\"sub-menu\">\n\t<li id=\"menu-item-15804\" class=\"et_pb_menu_page_id-15765 menu-item menu-item-type-post_type menu-item-object-page menu-item-15804\"><a href=\"https:\/\/kurt-singer.com\/thailand\/2012-buchung\/\">2012 Buchung<\/a><\/li>\n\t<li id=\"menu-item-15803\" class=\"et_pb_menu_page_id-15767 menu-item menu-item-type-post_type menu-item-object-page menu-item-15803\"><a href=\"https:\/\/kurt-singer.com\/thailand\/2012-bangkok\/\">2012 Bangkok<\/a><\/li>\n\t<li id=\"menu-item-15801\" class=\"et_pb_menu_page_id-15769 menu-item menu-item-type-post_type menu-item-object-page menu-item-15801\"><a href=\"https:\/\/kurt-singer.com\/thailand\/2012-susanne-und-peter\/\">2012 Susanne und Peter<\/a><\/li>\n<\/ul>\n<\/li>\n<li id=\"menu-item-15816\" class=\"et_pb_menu_page_id-15771 menu-item menu-item-type-post_type menu-item-object-page menu-item-has-children menu-item-15816\"><a href=\"https:\/\/kurt-singer.com\/thailand\/2012-korat\/\">Korat<\/a>\n<ul class=\"sub-menu\">\n\t<li id=\"menu-item-15817\" class=\"et_pb_menu_page_id-15773 menu-item menu-item-type-post_type menu-item-object-page menu-item-15817\"><a href=\"https:\/\/kurt-singer.com\/thailand\/2012-nachbarskinder\/\">2012 Nachbarskinder<\/a><\/li>\n\t<li id=\"menu-item-15808\" class=\"et_pb_menu_page_id-15775 menu-item menu-item-type-post_type menu-item-object-page menu-item-15808\"><a href=\"https:\/\/kurt-singer.com\/thailand\/2012-begegnungen\/\">2012 Begegnungen<\/a><\/li>\n\t<li id=\"menu-item-15811\" class=\"et_pb_menu_page_id-15777 menu-item menu-item-type-post_type menu-item-object-page menu-item-15811\"><a href=\"https:\/\/kurt-singer.com\/thailand\/2012-die-toilette\/\">2012 Die Toilette<\/a><\/li>\n\t<li id=\"menu-item-15819\" class=\"et_pb_menu_page_id-15779 menu-item menu-item-type-post_type menu-item-object-page menu-item-15819\"><a href=\"https:\/\/kurt-singer.com\/thailand\/2012-nichtstun\/\">2012 Nichtstun<\/a><\/li>\n\t<li id=\"menu-item-15813\" class=\"et_pb_menu_page_id-15781 menu-item menu-item-type-post_type menu-item-object-page menu-item-15813\"><a href=\"https:\/\/kurt-singer.com\/thailand\/2012-erinnerungen\/\">2012 Erinnerungen<\/a><\/li>\n\t<li id=\"menu-item-15805\" class=\"et_pb_menu_page_id-15783 menu-item menu-item-type-post_type menu-item-object-page menu-item-15805\"><a href=\"https:\/\/kurt-singer.com\/thailand\/2012-29-wat\/\">2012 29 Wat<\/a><\/li>\n\t<li id=\"menu-item-15812\" class=\"et_pb_menu_page_id-15785 menu-item menu-item-type-post_type menu-item-object-page menu-item-15812\"><a href=\"https:\/\/kurt-singer.com\/thailand\/2012-die-treppe\/\">2012 Die Treppe<\/a><\/li>\n\t<li id=\"menu-item-15815\" class=\"et_pb_menu_page_id-15787 menu-item menu-item-type-post_type menu-item-object-page menu-item-15815\"><a href=\"https:\/\/kurt-singer.com\/thailand\/2012-gluecksprinzip\/\">2012 Gl\u00fccksprinzip<\/a><\/li>\n\t<li id=\"menu-item-15814\" class=\"et_pb_menu_page_id-15789 menu-item menu-item-type-post_type menu-item-object-page menu-item-15814\"><a href=\"https:\/\/kurt-singer.com\/thailand\/2012-gedanken\/\">2012 Gedanken<\/a><\/li>\n<\/ul>\n<\/li>\n<li id=\"menu-item-15806\" class=\"et_pb_menu_page_id-15791 menu-item menu-item-type-post_type menu-item-object-page menu-item-has-children menu-item-15806\"><a href=\"https:\/\/kurt-singer.com\/thailand\/2012-ausfluege\/\">Ausfl\u00fcge<\/a>\n<ul class=\"sub-menu\">\n\t<li id=\"menu-item-15810\" class=\"et_pb_menu_page_id-15793 menu-item menu-item-type-post_type menu-item-object-page menu-item-15810\"><a href=\"https:\/\/kurt-singer.com\/thailand\/2012-chaiyaphum\/\">2012 Chaiyaphum<\/a><\/li>\n\t<li id=\"menu-item-15820\" class=\"et_pb_menu_page_id-15795 menu-item menu-item-type-post_type menu-item-object-page menu-item-15820\"><a href=\"https:\/\/kurt-singer.com\/thailand\/2012-pak-tong-chai\/\">2012 Pak Tong Chai<\/a><\/li>\n<\/ul>\n<\/li>\n<li id=\"menu-item-15821\" class=\"et_pb_menu_page_id-15797 menu-item menu-item-type-post_type menu-item-object-page menu-item-15821\"><a href=\"https:\/\/kurt-singer.com\/thailand\/2012-rueckreise\/\">R\u00fcckreise<\/a><\/li>\n<li id=\"menu-item-15818\" class=\"et_pb_menu_page_id-15799 menu-item menu-item-type-post_type menu-item-object-page menu-item-15818\"><a href=\"https:\/\/kurt-singer.com\/thailand\/2012-nachbetrachtung\/\">Nachbetrachtung<\/a><\/li>\n<\/ul><\/nav><\/div><div class=\"et_mobile_nav_menu\"><div class=\"mobile_nav closed\"><span class=\"mobile_menu_bar\"><\/span><\/div><\/div><\/div><\/div><\/div><\/div><\/div><\/div><div class=\"et_pb_section_1 et_pb_section et_section_regular et_block_section\"><div class=\"et_pb_row_1 et_pb_row et_block_row\"><div class=\"et_pb_column_1 et_pb_column et_pb_column_4_4 et-last-child et_block_column et_pb_css_mix_blend_mode_passthrough\"><div class=\"et_pb_text_0 et_pb_text et_pb_bg_layout_light et_pb_module et_block_module\"><div class=\"et_pb_text_inner\"><h1>\u00a0Ausflug nach Pak Thong Chai<\/h1>\n<\/div><\/div><\/div><\/div><div class=\"et_pb_row_2 et_pb_row et_pb_row_3-4_1-4 et_block_row et_block_row_3-4_1-4\"><div class=\"et_pb_column_2 et_pb_column et_pb_column_3_4 et_block_column et_pb_css_mix_blend_mode_passthrough\"><div class=\"et_pb_text_1 et_pb_text et_pb_bg_layout_light et_pb_module et_block_module\"><div class=\"et_pb_text_inner\"><p>Nun denn, heute habe ich mir vorgenommen, mal die n\u00e4here Umgebung von Korat mit \u00f6ffentlichen Verkehrsmitteln zu erkunden. Mit dem Song Thaew fahre ich in die Stadt bis zum IT Plaza. Von dort sind es zwei Strassen bis zum Busterminal. Unterwegs komme ich an einem Wat vorbei, das ich seit Jahren nur vom Vorbeifahren kenne. Und da ich ja bekanntermassen ein Watverr\u00fcckter bin, gehe ich heute hinein. Wie immer fasziniert mich der Glanz, der von aussen und von innen ausgestrahlt wird, und in einem unbeobachteten Moment erweise ich der Hauptbuddhafigur den Wai. Warum unbeobachtet? Ich mag mich nicht in die Reihe der Farangs einreihen, die solche Handlungen als Show darbieten. Wenige Minuten sp\u00e4ter bin ich dann am Busbahnhof und frage mich zum Bus nach Pak Thong Chai durch, der mir bereitwillig durch einen Busbahnhofbediensteten (was f\u00fcr ein Wort) gezeigt wird. Auch hier treffe ich die altbekannte Freundlichkeit und Zuvorkommenheit an, wie immer eigentlich. Der Bus pendelt st\u00e4ndig zwischen den beiden St\u00e4dten, und so kommt er an, l\u00e4sst aussteigen, l\u00e4sst einsteigen und f\u00e4hrt ohne grossen Aufenthalt weiter.<\/p>\n<p>Der Bus ist einer der 3. Klasse, aber klimatisiert. Bei gef\u00fchlten -2 Grad C im Fahrgastraum schl\u00e4ngelt er sich durch die enge Strasse, nimmt dabei weder auf Autos noch auf seinesgleichen R\u00fccksicht. Aber auf der Hauptstrasse, der N2, angekommen, f\u00e4hrt er in erh\u00f6htem Schritttempo, h\u00e4lt auch jedes Mal, wenn sich eine Hand erhebt, und das passiert oft. Dass man sich da nicht auf einer Strecke von 100 m auf eine einzige Haltestelle konzentriert, ist f\u00fcr uns durchorganisierte Europ\u00e4er sicher nicht ganz verst\u00e4ndlich, aber wo k\u00e4men wir denn hin, wenn sich die Fahrg\u00e4ste auch noch 10 m zum Haltepunkt bewegen m\u00fcssten. Besser der Bus h\u00e4lt. Dass er es garnicht eilig hat merke ich, als er kurz hinter dem Sima Hotel anh\u00e4lt und stehen bleibt. Etwa eine Viertelstunde dauert es, und der Fahrer und viele Passagiere nehmen sich noch ein Fr\u00fchst\u00fcck mit an Bord, ehe die Fahrt fortgesetzt wird. Auf der Strecke wird jeder m\u00f6gliche Fahrgast angehupt, mancher reagiert und hebt den Arm, mancher sieht im Fahrer einen Gedankenleser und verl\u00e4sst sich darauf, dass er schon mitgenommen wird.<\/p>\n<p>Dieses Busanhalten ist auch f\u00fcr uns Nichtautobesitzer ein Mittel, nicht immer bis zum Busbahnhof hinzum\u00fcssen, allerdings m\u00fcssen wir dann auch den Zielort in Thai lesen k\u00f6nnen, denn nur so ist er auf der Windschutzscheibe angeschrieben. In Englisch steht er noch auf der Busseite, aber bis man das entziffert hat, ist der Bus ja schon vorbei. Expats und H\u00e4ufigbesucher - lernt endlich lesen, und damit meine ich auch mich !!<\/p>\n<p>34 km sind es bis Pak Thong Chai, und nach immerhin einer Stunde Fahrt kommen wir auch dort an. Nun habe ich absolut keinen Plan, bis wohin ich mitfahren soll. Meine Sitznachbarin scheint das zu ahnen, und sie sagt mir, dass wir gleich an einem grossen Markt sein werden, wo sie auch aussteigt. Vielleicht hofft sie, dass ich ihr beim Aussteigen helfe, denn mit ihren gesch\u00e4tzten 80 Jahren hat sie damit etwas M\u00fche. Nun, ich entt\u00e4usche sie nicht, und so reiche ich ihr die Hand zur letzten Stufe, was mit Gel\u00e4chter der Umstehenden belohnt wird. \"Da siehste, Oma, der Farang hilft dir, die Thais nicht\". Ob sie ahnen, dass ich das Wort f\u00fcr Wort verstehe? Ganz sicher ist, dass wir an einem wirklich grossen Markt angekommen sind, der die halbe Innenstadt von Pak Thong Chai f\u00fcllt. Und sp\u00e4testens jetzt wird mir klar, dass diese Stadt nicht viel gr\u00f6sser ist als mein Koblenzer Stadtteil Ehrenbreitstein. Wie immer l\u00f6se ich meine Bedenken, Personen direkt zu fotografieren, indem ich diese zuerst anl\u00e4chle, die Reaktion abwarte, eine scherzhafte Bemerkung erwidere und das dann als die Erlaubnis zum Fotografieren aller Mith\u00f6renden ringsum betrachte. Und als eine der Marktfrauen den wahrscheinlich einzigen Ausdruck in Englisch anwendet, den sie beherrscht, n\u00e4mlich \"Hallo Darling\" und ich in Thai antworte: \"Hey, da hinten kommt meine Frau, gleich hast du Probleme\", da ist die Stimmung im Umkreis von 50 m f\u00fcr mich, und wo ich auch hinkomme, spricht man mich auf Thai an. Eine \u00e4lterer Thai isst<\/p>\n<p>gerade Som Dam, deutet darauf und sagt im breiten Isaanisch \"S\u00e4\u00e4p\", und ich vervollst\u00e4ndige \"S\u00e4\u00e4p illie, guu gin dai\", worauf er seinen Teller stehen l\u00e4sst, mir auf dem Markt immer zwei Schritte voraus geht und allen klarmacht, dass ich nicht nur Som Tam esse sondern auch isaanisch spreche, und die Lacher sind alle auf meiner Seite. Sie wissen ja nicht, dass \"S\u00e4\u00e4p Bo\" und \"S\u00e4\u00e4p illi\" so ziemlich die einzigen Isaanausdr\u00fccke in meinem Sprachschatz sind. Nicht mehr Farang, sondern Khon Isaan.<\/p>\n<p>Irgendwann kommt einfach der Augenblick, an dem man sich an M\u00e4rkten satt gesehen hat. Ich finde am Ende des Marktes noch den Lak Mueang, und ebenfalls ganz in der N\u00e4he einen Wat. Klar, den besuche ich ebenfalls. Danach tue ich meinem Wasserhaushalt etwas Gutes und schlucke eine Flasche Wasser, und mache mich dann auf, eine R\u00fcckreisem\u00f6glichkeit zu suchen. Nicht weit zu laufen ist es ja in dieser kleinen Stadt, und ich bin wieder an der Strasse, welche ich auf meine TAT- Map als die 304 identifiziere. Meine Frage an den \u00f6rtlichen Polizeiboxinsassen nach einem Bus wird beantwortet: \"Bleib genau da stehen. Dahin kommt gleich der Bus\". Ich bin gerne bereit, meinen Tagestrip zu einem Abenteuer werden zu lassen und warte. Tats\u00e4chlich kommt er, der Bus. Wie ich sehe mit eingebauter Fahrtwindklimatisierung, also Fenster hoch und T\u00fcren auf. Was solls, f\u00fcr die kurze Strecke wirds gehen. Der Fahrer sagt mir eine Wartezeit von etwa 10-20 Minuten an, ich kann beruhigt einen Kaffee trinken, er ruft mich dann. Tats\u00e4chlich gibt es auch einen guten Kaffee hier, und dann setze ich mich direkt hinter den Fahrer, das scheint mir (zu Recht, wie sich herausstellt) das klimatisierteste Pl\u00e4tzchen zu sein. Mit einer etwas h\u00f6heren Geschwindigkeit als der Hinfahrtbus gehts dann wieder Richtung Korat. Da ich vorhabe, auch einmal nach Chaiyaphum zu fahren, lasse ich mich am Sima- Hotel absetzen und hole mir noch ein paar Unterlagen bei der TAT. Dann gehts mit dem Saeng Thew weiter bis zu The Mall, wo ich noch ein Mittagessen in Form von Steak mit Pommes und Salat f\u00fcr 109 Baht zu mir nehme, auf das ich allerdings 20 min warten muss. Auf meine freundliche Nachfrage heisst es lapidar, dass Steaks in Thailand doch so lange brauchen. Ueber meinen Internetshop hinter Ya Moo gehts dann nat\u00fcrlich wieder mit dem Pickuptaxi nach Hause. Und hier kann ich dann nicht anders, ich nehme mir aus meinem kleinen Shop am Weg noch 2 Dosen Singha Bier (richtig bestellt man das als Beer Singh Song Kapong) und eine Coke mit.<\/p>\n<p>Um mal ein monet\u00e4res Resumee dieses Tages zu ziehen, gehe ich jetzt im Kopf meine Tagesausgaben durch.<\/p>\n<p>Da w\u00e4re erst einmal die schon kalkulierten Durchschnittskosten f\u00fcr das Fr\u00fchst\u00fcck mit 35 Baht. Kosten f\u00fcr Saeng Thew sind 4 Fahrtstrecken (zuhause-Busterminal, TAT-The Mall, The Mall-Ya Moo, Ya Moo-Arun Villa = 32 Baht. Bus nach Pak Thong Chai = 2 x 30 Baht. Flasche Wasser dort 6 Baht, Kaffee 25 Baht, Mittagessen in The Mall 109 Baht, Internet 15 Baht, Abendessen kalkuliert 35 Baht, Bier und Coke nochmal 54 Baht. Alles in alles belaufen sich die Tagesausgaben also auf 351 Baht, grob umgerechnet mit 38 Baht also 9,25 Euro. Ich habe mir alles geg\u00f6nnt, was ich mir habe g\u00f6nnen wollen. Ich weiss, mancher kommt damit nicht aus. Ich schon. Es ist noch Zeit, mir einen meiner 156 mitgebrachten Filme auf dem Notebook anzuschauen. Die mitgebrachte Festplatte mit den Filmen und der eigens angeschaffte DVD-Player machen mir keine Freude, denn der Fernseher ist doch schon sehr alt, und die Farbverf\u00e4lschungen lassen einen Film nicht zum Genuss werden. Na denn gute Nacht.<\/p>\n<p>P.s.: der Tag war nicht wirklich gl\u00fccklich. Haupts\u00e4chlich bin ich nach Pak Thong Chai gefahren, um jemanden zu treffen. Eine junge Lehrerin, die ich in Korat kennen gelernt hatte. Doch ich musste erfahren, dass sie nicht mehr lebt. Sie hat sich vor ca einem Jahr umgebracht, weil ihr neuer Lebensgef\u00e4hrte sie verlassen hatte. Wenn sie die Geschichte dazu lesen, werden Sie ein wenig verstehen.<\/p>\n<\/div><\/div><\/div><div class=\"et_pb_column_3 et_pb_column et_pb_column_1_4 et-last-child et_block_column et_pb_css_mix_blend_mode_passthrough\"><div class=\"et_pb_text_2 et_pb_text et_pb_bg_layout_light et_pb_module et_block_module\"><div class=\"et_pb_text_inner\"><h2>Pak Thong Chai<\/h2>\n<\/div><\/div><div class=\"et_pb_image_0 et_pb_image et_pb_image_sticky et_pb_has_overlay et_pb_module et_block_module\"><a href=\"https:\/\/kurt-singer.com\/thailand\/wp-content\/uploads\/sites\/7\/2024\/08\/2012-PakThongChai-1.jpg\" class=\"et_pb_lightbox_image\"><span class=\"et_pb_image_wrap\"><img loading=\"lazy\" decoding=\"async\" src=\"https:\/\/kurt-singer.com\/thailand\/wp-content\/uploads\/sites\/7\/2024\/08\/2012-PakThongChai-1.jpg\" width=\"980\" height=\"735\" srcset=\"https:\/\/kurt-singer.com\/thailand\/wp-content\/uploads\/sites\/7\/2024\/08\/2012-PakThongChai-1.jpg 980w, https:\/\/kurt-singer.com\/thailand\/wp-content\/uploads\/sites\/7\/2024\/08\/2012-PakThongChai-1-480x360.jpg 480w\" sizes=\"(min-width: 0px) and (max-width: 480px) 480px, (min-width: 481px) 980px, 100vw\" class=\"wp-image-13557\" \/><span class=\"et_overlay et_pb_inline_icon\" data-icon=\"T\"><\/span><\/span><\/a><\/div><div class=\"et_pb_text_3 et_pb_text et_pb_bg_layout_light et_pb_module et_block_module\"><div class=\"et_pb_text_inner\"><pre>\u00a0Wat in Pak Thong Chai<\/pre>\n<\/div><\/div><div class=\"et_pb_image_1 et_pb_image et_pb_image_sticky et_pb_has_overlay et_pb_module et_block_module\"><a href=\"https:\/\/kurt-singer.com\/thailand\/wp-content\/uploads\/sites\/7\/2024\/08\/2012-PakThongChai-2.jpg\" class=\"et_pb_lightbox_image\"><span class=\"et_pb_image_wrap\"><img loading=\"lazy\" decoding=\"async\" src=\"https:\/\/kurt-singer.com\/thailand\/wp-content\/uploads\/sites\/7\/2024\/08\/2012-PakThongChai-2.jpg\" width=\"980\" height=\"735\" srcset=\"https:\/\/kurt-singer.com\/thailand\/wp-content\/uploads\/sites\/7\/2024\/08\/2012-PakThongChai-2.jpg 980w, https:\/\/kurt-singer.com\/thailand\/wp-content\/uploads\/sites\/7\/2024\/08\/2012-PakThongChai-2-480x360.jpg 480w\" sizes=\"(min-width: 0px) and (max-width: 480px) 480px, (min-width: 481px) 980px, 100vw\" class=\"wp-image-13558\" \/><span class=\"et_overlay et_pb_inline_icon\" data-icon=\"T\"><\/span><\/span><\/a><\/div><div class=\"et_pb_text_4 et_pb_text et_pb_bg_layout_light et_pb_module et_block_module\"><div class=\"et_pb_text_inner\"><pre><\/pre>\n<\/div><\/div><div class=\"et_pb_image_2 et_pb_image et_pb_image_sticky et_pb_has_overlay et_pb_module et_block_module\"><a href=\"https:\/\/kurt-singer.com\/thailand\/wp-content\/uploads\/sites\/7\/2024\/08\/2012-PakThongChai-3.jpg\" class=\"et_pb_lightbox_image\"><span class=\"et_pb_image_wrap\"><img loading=\"lazy\" decoding=\"async\" src=\"https:\/\/kurt-singer.com\/thailand\/wp-content\/uploads\/sites\/7\/2024\/08\/2012-PakThongChai-3.jpg\" width=\"980\" height=\"735\" srcset=\"https:\/\/kurt-singer.com\/thailand\/wp-content\/uploads\/sites\/7\/2024\/08\/2012-PakThongChai-3.jpg 980w, https:\/\/kurt-singer.com\/thailand\/wp-content\/uploads\/sites\/7\/2024\/08\/2012-PakThongChai-3-480x360.jpg 480w\" sizes=\"(min-width: 0px) and (max-width: 480px) 480px, (min-width: 481px) 980px, 100vw\" class=\"wp-image-13559\" \/><span class=\"et_overlay et_pb_inline_icon\" data-icon=\"T\"><\/span><\/span><\/a><\/div><div class=\"et_pb_text_5 et_pb_text et_pb_bg_layout_light et_pb_module et_block_module\"><div class=\"et_pb_text_inner\"><pre>\u00a0Tourbus der R\u00fcckfahrt<\/pre>\n<\/div><\/div><div class=\"et_pb_image_3 et_pb_image et_pb_image_sticky et_pb_has_overlay et_pb_module et_block_module\"><a href=\"https:\/\/kurt-singer.com\/thailand\/wp-content\/uploads\/sites\/7\/2024\/08\/2012-PakThongChai-4.jpg\" class=\"et_pb_lightbox_image\"><span class=\"et_pb_image_wrap\"><img loading=\"lazy\" decoding=\"async\" src=\"https:\/\/kurt-singer.com\/thailand\/wp-content\/uploads\/sites\/7\/2024\/08\/2012-PakThongChai-4.jpg\" width=\"980\" height=\"735\" srcset=\"https:\/\/kurt-singer.com\/thailand\/wp-content\/uploads\/sites\/7\/2024\/08\/2012-PakThongChai-4.jpg 980w, https:\/\/kurt-singer.com\/thailand\/wp-content\/uploads\/sites\/7\/2024\/08\/2012-PakThongChai-4-480x360.jpg 480w\" sizes=\"(min-width: 0px) and (max-width: 480px) 480px, (min-width: 481px) 980px, 100vw\" class=\"wp-image-13560\" \/><span class=\"et_overlay et_pb_inline_icon\" data-icon=\"T\"><\/span><\/span><\/a><\/div><div class=\"et_pb_text_6 et_pb_text et_pb_bg_layout_light et_pb_module et_block_module\"><div class=\"et_pb_text_inner\"><pre>klimatisiert<\/pre>\n<\/div><\/div><\/div><\/div><\/div>\n","protected":false},"excerpt":{"rendered":"","protected":false},"author":1,"featured_media":0,"parent":0,"menu_order":0,"comment_status":"closed","ping_status":"closed","template":"","meta":{"footnotes":""},"class_list":["post-15795","page","type-page","status-publish","hentry"],"_links":{"self":[{"href":"https:\/\/kurt-singer.com\/thailand\/wp-json\/wp\/v2\/pages\/15795","targetHints":{"allow":["GET"]}}],"collection":[{"href":"https:\/\/kurt-singer.com\/thailand\/wp-json\/wp\/v2\/pages"}],"about":[{"href":"https:\/\/kurt-singer.com\/thailand\/wp-json\/wp\/v2\/types\/page"}],"author":[{"embeddable":true,"href":"https:\/\/kurt-singer.com\/thailand\/wp-json\/wp\/v2\/users\/1"}],"replies":[{"embeddable":true,"href":"https:\/\/kurt-singer.com\/thailand\/wp-json\/wp\/v2\/comments?post=15795"}],"version-history":[{"count":4,"href":"https:\/\/kurt-singer.com\/thailand\/wp-json\/wp\/v2\/pages\/15795\/revisions"}],"predecessor-version":[{"id":16161,"href":"https:\/\/kurt-singer.com\/thailand\/wp-json\/wp\/v2\/pages\/15795\/revisions\/16161"}],"wp:attachment":[{"href":"https:\/\/kurt-singer.com\/thailand\/wp-json\/wp\/v2\/media?parent=15795"}],"curies":[{"name":"wp","href":"https:\/\/api.w.org\/{rel}","templated":true}]}}