{"id":15901,"date":"2024-09-04T21:52:42","date_gmt":"2024-09-04T19:52:42","guid":{"rendered":"https:\/\/kurt-singer.com\/thailand\/?page_id=15901"},"modified":"2026-03-25T00:46:40","modified_gmt":"2026-03-24T23:46:40","slug":"theravada","status":"publish","type":"page","link":"https:\/\/kurt-singer.com\/thailand\/theravada\/","title":{"rendered":"Theravada"},"content":{"rendered":"\n<div class=\"et_pb_section_0 et_pb_section et_section_regular et_block_section\"><div class=\"et_pb_row_0 et_pb_row et_block_row\"><div class=\"et_pb_column_0 et_pb_column et_pb_column_4_4 et-last-child et_block_column et_pb_css_mix_blend_mode_passthrough\"><div class=\"et_pb_text_0 et_pb_text et_pb_bg_layout_light et_pb_module et_block_module\"><div class=\"et_pb_text_inner\"><h1>\u00a0\u00dcber den Theravada Buddhismus<\/h1>\n<\/div><\/div><\/div><\/div><div class=\"et_pb_row_1 et_pb_row et_block_row\"><div class=\"et_pb_column_1 et_pb_column et_pb_column_4_4 et-last-child et_block_column et_pb_css_mix_blend_mode_passthrough\"><div class=\"et_pb_image_0 et_pb_image et_pb_module et_block_module\"><span class=\"et_pb_image_wrap\"><img loading=\"lazy\" decoding=\"async\" src=\"https:\/\/kurt-singer.com\/thailand\/wp-content\/uploads\/sites\/7\/2024\/09\/GrosserBuddhabanner.jpg\" width=\"1920\" height=\"484\" srcset=\"https:\/\/kurt-singer.com\/thailand\/wp-content\/uploads\/sites\/7\/2024\/09\/GrosserBuddhabanner.jpg 1920w, https:\/\/kurt-singer.com\/thailand\/wp-content\/uploads\/sites\/7\/2024\/09\/GrosserBuddhabanner-1280x323.jpg 1280w, https:\/\/kurt-singer.com\/thailand\/wp-content\/uploads\/sites\/7\/2024\/09\/GrosserBuddhabanner-980x247.jpg 980w, https:\/\/kurt-singer.com\/thailand\/wp-content\/uploads\/sites\/7\/2024\/09\/GrosserBuddhabanner-480x121.jpg 480w\" sizes=\"(min-width: 0px) and (max-width: 480px) 480px, (min-width: 481px) and (max-width: 980px) 980px, (min-width: 981px) and (max-width: 1280px) 1280px, (min-width: 1281px) 1920px, 100vw\" class=\"wp-image-15897\" title=\"Gro\u00dferBuddhabanner\" \/><\/span><\/div><\/div><\/div><div class=\"et_pb_row_2 et_pb_row et_pb_row_1-4_3-4 et_block_row et_block_row_1-4_3-4\"><div class=\"et_pb_column_2 et_pb_column et_pb_column_1_4 et_block_column et_pb_css_mix_blend_mode_passthrough\"><div class=\"et_pb_image_1 et_pb_image et_pb_module et_block_module\"><span class=\"et_pb_image_wrap\"><img loading=\"lazy\" decoding=\"async\" src=\"https:\/\/kurt-singer.com\/thailand\/wp-content\/uploads\/sites\/7\/2024\/09\/EingangsbuddhaTheravada.jpg\" width=\"199\" height=\"300\" srcset=\"https:\/\/kurt-singer.com\/thailand\/wp-content\/uploads\/sites\/7\/2024\/09\/EingangsbuddhaTheravada.jpg 199w\" sizes=\"(max-width: 199px) 100vw, 199px\" class=\"wp-image-15898\" title=\"EingangsbuddhaTheravada\" \/><\/span><\/div><\/div><div class=\"et_pb_column_3 et_pb_column et_pb_column_3_4 et-last-child et_block_column et_pb_css_mix_blend_mode_passthrough\"><div class=\"et_pb_text_1 et_pb_text et_pb_bg_layout_light et_pb_module et_block_module\"><div class=\"et_pb_text_inner\"><p>Meine Seite \u00fcber den Theravada-Buddhismus hat sich ausschlie\u00dflich mit dem Buddhismus thail\u00e4ndischer Pr\u00e4gung besch\u00e4ftigt, also dem Theravada- Buddhismus. Ich habe aus eigenem Erleben, aber auch aus vielen Quellen, sei es im Internet, aus Zeitungen und Zeitschriften, durch Studium vieler B\u00fccher und Drucksachen, durch den Besuch von Kl\u00f6stern und M\u00f6nchen dar\u00fcber gelernt.<br \/>Doch ich m\u00f6chte noch mehr lernen, und deshalb trage ich hier das zusammen, was ich in aller Welt finde. Ich m\u00f6chte die gefundenen Texte nicht einfach nur \u00fcbernehmen, sondern auch selbst bearbeiten und damit das tun, was der Buddha gesagt hat:<\/p>\n<p><em>\u201eRichtet euch nicht nach H\u00f6rensagen, nicht nach \u00dcberlieferung, nicht nach blo\u00dfen Behauptungen, nicht nach der Mitteilung sogenannter heiliger Schriften, nicht nach logischen Deduktionen, nicht nach methodischen Ableitungen, nicht nach dem auf Augenschein beruhenden Denken, nicht nach lang gewohnten Ansichten und Vorstellungen, richtet euch nicht danach, ob eine vorhandene Erscheinung daf\u00fcr spricht, auch nicht danach, ob ein Asket oder Lehrer es gesagt hat; wenn ihr hingegen selbst erkennt: diese Dinge sind verkehrt, diese Dinge sind nicht einwandfrei, diese Dinge, wenn ausgef\u00fchrt, gereichen zum Unheil, zum Leiden f\u00fcr uns und andere, dann verwerft sie.<\/em><\/p>\n<p><em>Erkennt ihr dagegen: diese Dinge sind recht, diese Dinge sind einwandfrei, diese Dinge, wenn ausgef\u00fchrt, gereichen zum Heil und Gl\u00fcck f\u00fcr uns und andere, dann nehmt sie an und lebt danach.\u201c<\/em><\/p>\n<\/div><\/div><\/div><\/div><div class=\"et_pb_row_3 et_pb_row et_block_row\"><div class=\"et_pb_column_4 et_pb_column et_pb_column_4_4 et-last-child et_block_column et_pb_css_mix_blend_mode_passthrough\"><div class=\"et_pb_text_2 et_pb_text et_pb_bg_layout_light et_pb_module et_block_module\"><div class=\"et_pb_text_inner\"><p>Inzwischen habe ich den gesamten Inhalt in meine <a href=\"http:\/\/www.buddhismuswiki.de\/index.php?title=Hauptseite\">Buddhismuswiki<\/a> \u00fcbernommen, soda\u00df die Theravada-Site gel\u00f6scht wurde. Die Wiki d\u00fcrfte die gr\u00f6\u00dfte Sammlung von buddhistischen Begriffen im deutschsprachigen Raum sein, aber ich werde sicher nicht alle Begriffe gefunden und hier ver\u00f6ffentlicht haben.<\/p>\n<\/div><\/div><\/div><\/div><\/div>\n","protected":false},"excerpt":{"rendered":"","protected":false},"author":1,"featured_media":0,"parent":0,"menu_order":0,"comment_status":"closed","ping_status":"closed","template":"","meta":{"footnotes":""},"class_list":["post-15901","page","type-page","status-publish","hentry"],"_links":{"self":[{"href":"https:\/\/kurt-singer.com\/thailand\/wp-json\/wp\/v2\/pages\/15901","targetHints":{"allow":["GET"]}}],"collection":[{"href":"https:\/\/kurt-singer.com\/thailand\/wp-json\/wp\/v2\/pages"}],"about":[{"href":"https:\/\/kurt-singer.com\/thailand\/wp-json\/wp\/v2\/types\/page"}],"author":[{"embeddable":true,"href":"https:\/\/kurt-singer.com\/thailand\/wp-json\/wp\/v2\/users\/1"}],"replies":[{"embeddable":true,"href":"https:\/\/kurt-singer.com\/thailand\/wp-json\/wp\/v2\/comments?post=15901"}],"version-history":[{"count":6,"href":"https:\/\/kurt-singer.com\/thailand\/wp-json\/wp\/v2\/pages\/15901\/revisions"}],"predecessor-version":[{"id":16165,"href":"https:\/\/kurt-singer.com\/thailand\/wp-json\/wp\/v2\/pages\/15901\/revisions\/16165"}],"wp:attachment":[{"href":"https:\/\/kurt-singer.com\/thailand\/wp-json\/wp\/v2\/media?parent=15901"}],"curies":[{"name":"wp","href":"https:\/\/api.w.org\/{rel}","templated":true}]}}