{"id":15926,"date":"2024-09-07T15:47:48","date_gmt":"2024-09-07T13:47:48","guid":{"rendered":"https:\/\/kurt-singer.com\/thailand\/?page_id=15926"},"modified":"2026-03-25T00:46:41","modified_gmt":"2026-03-24T23:46:41","slug":"naga","status":"publish","type":"page","link":"https:\/\/kurt-singer.com\/thailand\/naga\/","title":{"rendered":"Naga"},"content":{"rendered":"\n<div class=\"et_pb_section_0 et_pb_section et_section_regular et_block_section\"><div class=\"et_pb_row_0 et_pb_row et_block_row\"><div class=\"et_pb_column_0 et_pb_column et_pb_column_4_4 et-last-child et_block_column et_pb_css_mix_blend_mode_passthrough\"><div class=\"et_pb_text_0 et_pb_text et_pb_bg_layout_light et_pb_module et_block_module\"><div class=\"et_pb_text_inner\"><h1>Die Geschichte der Naga<\/h1>\n<\/div><\/div><\/div><\/div><div class=\"et_pb_row_1 et_pb_row et_pb_row_3-4_1-4 et_block_row et_block_row_3-4_1-4\"><div class=\"et_pb_column_1 et_pb_column et_pb_column_3_4 et_block_column et_pb_css_mix_blend_mode_passthrough\"><div class=\"et_pb_text_1 et_pb_text et_pb_bg_layout_light et_pb_module et_block_module\"><div class=\"et_pb_text_inner\"><p>Nagas oder Riesenschlangen sind heilige Tiere, die in der indischen Geschichte mindestens seit Beginn der arischen Periode auftauchten. Nagas waren der erste Stamm, der von den Ariern erobert wurde. Im religi\u00f6sen Kontext lag Narayan vor dem Beginn der Welt auf dem R\u00fccken einer Naga im milchigen Ozean.<\/p>\n<p>Im Buddhismus sa\u00df der Buddha in der dritten Woche nach seiner Erleuchtung auf dem Thron einer gewundenen Schlange, die ihren Kopf als Regenschirm benutzte, um den Buddha vor N\u00e4sse zu sch\u00fctzen. Bei der Ordination eines Menschen, der buddhistischer M\u00f6nch werden will, muss er zuerst den Namen der Naga annehmen und er wird gefragt: \"Bist du ein Mensch (Manuso si)? Denn es gibt eine Geschichte, die besagt, dass eine bestimmte Schlange, als der Buddha noch lebte, M\u00f6nch werden wollte, sich als Mensch verkleidete und um die Ordination bat.<\/p>\n<p>Nachdem er zum M\u00f6nch ordiniert worden war, verwandelte er sich eines Tages, w\u00e4hrend er schlief, wieder in eine Schlange zur\u00fcck, und ihm wurde das Recht verweigert, erneut der M\u00f6nchsgemeinschaft beizutreten. Er war ungl\u00fccklich und bat den Buddha, dass in Zukunft jeder, der ein M\u00f6nch werden m\u00f6chte, zuerst den Namen des Naga annehmen und dann die Ordinationszeremonie abhalten sollte.<\/p>\n<p>Seitdem werden in den buddhistischen L\u00e4ndern die angehenden M\u00f6nche immer mit rasiertem Haar und Bart und in einer wei\u00dfen Robe gekleidet zum Nagahood gef\u00fchrt.<\/p>\n<p>In der kambodschanischen Geschichte heiratete in der Antike ein K\u00f6nig namens Phratong eine Tochter des Naga-K\u00f6nigs. Sein Schwiegervater, der Naga-K\u00f6nig, baute ihm einen sehr sch\u00f6nen Palast mit M\u00e4dchen und Wachen, um den Thron zu st\u00e4rken. Von da an wurde angenommen, dass alle Khmer-K\u00f6nige T\u00f6chter des Naga-K\u00f6nigs heirateten, und es war eine wichtige Aufgabe des Naga-K\u00f6nigs, den Thron des K\u00f6nigs zu sch\u00fctzen. Alle Khmer-K\u00f6nige hielten sich auch daran, dass der K\u00f6nig t\u00e4glich gegen 20 Uhr private Zeit mit seiner K\u00f6nigin verbrachte, die eine die Tochter eines Nega war.<br \/>Mit einer so langen und heiligen Geschichte wird die Naga oder die Schlange zu einem sehr wichtigen Teil der Dekoration und des Designs von Khmer-Tempeln.<\/p>\n<\/div><\/div><\/div><div class=\"et_pb_column_2 et_pb_column et_pb_column_1_4 et-last-child et_block_column et_pb_css_mix_blend_mode_passthrough\"><div class=\"et_pb_image_0 et_pb_image et_pb_has_overlay et_pb_module et_block_module\"><a href=\"https:\/\/kurt-singer.com\/thailand\/wp-content\/uploads\/sites\/7\/2024\/09\/PR-Naga-003.jpg\" class=\"et_pb_lightbox_image\"><span class=\"et_pb_image_wrap\"><img loading=\"lazy\" decoding=\"async\" src=\"https:\/\/kurt-singer.com\/thailand\/wp-content\/uploads\/sites\/7\/2024\/09\/PR-Naga-003.jpg\" width=\"980\" height=\"735\" srcset=\"https:\/\/kurt-singer.com\/thailand\/wp-content\/uploads\/sites\/7\/2024\/09\/PR-Naga-003.jpg 980w, https:\/\/kurt-singer.com\/thailand\/wp-content\/uploads\/sites\/7\/2024\/09\/PR-Naga-003-480x360.jpg 480w\" sizes=\"(min-width: 0px) and (max-width: 480px) 480px, (min-width: 481px) 980px, 100vw\" class=\"wp-image-15913\" title=\"PR-Naga-003\" \/><span class=\"et_overlay\"><\/span><\/span><\/a><\/div><div class=\"et_pb_image_1 et_pb_image et_pb_has_overlay et_pb_module et_block_module\"><a href=\"https:\/\/kurt-singer.com\/thailand\/wp-content\/uploads\/sites\/7\/2024\/09\/PR-Naga-002.jpg\" class=\"et_pb_lightbox_image\"><span class=\"et_pb_image_wrap\"><img loading=\"lazy\" decoding=\"async\" src=\"https:\/\/kurt-singer.com\/thailand\/wp-content\/uploads\/sites\/7\/2024\/09\/PR-Naga-002.jpg\" width=\"980\" height=\"735\" srcset=\"https:\/\/kurt-singer.com\/thailand\/wp-content\/uploads\/sites\/7\/2024\/09\/PR-Naga-002.jpg 980w, https:\/\/kurt-singer.com\/thailand\/wp-content\/uploads\/sites\/7\/2024\/09\/PR-Naga-002-480x360.jpg 480w\" sizes=\"(min-width: 0px) and (max-width: 480px) 480px, (min-width: 481px) 980px, 100vw\" class=\"wp-image-15914\" title=\"PR-Naga-002\" \/><span class=\"et_overlay\"><\/span><\/span><\/a><\/div><div class=\"et_pb_image_2 et_pb_image et_pb_has_overlay et_pb_module et_block_module\"><a href=\"https:\/\/kurt-singer.com\/thailand\/wp-content\/uploads\/sites\/7\/2024\/09\/PR-Naga-001.jpg\" class=\"et_pb_lightbox_image\"><span class=\"et_pb_image_wrap\"><img loading=\"lazy\" decoding=\"async\" src=\"https:\/\/kurt-singer.com\/thailand\/wp-content\/uploads\/sites\/7\/2024\/09\/PR-Naga-001.jpg\" width=\"980\" height=\"735\" srcset=\"https:\/\/kurt-singer.com\/thailand\/wp-content\/uploads\/sites\/7\/2024\/09\/PR-Naga-001.jpg 980w, https:\/\/kurt-singer.com\/thailand\/wp-content\/uploads\/sites\/7\/2024\/09\/PR-Naga-001-480x360.jpg 480w\" sizes=\"(min-width: 0px) and (max-width: 480px) 480px, (min-width: 481px) 980px, 100vw\" class=\"wp-image-15915\" title=\"PR-Naga-001\" \/><span class=\"et_overlay\"><\/span><\/span><\/a><\/div><\/div><\/div><\/div>\n","protected":false},"excerpt":{"rendered":"","protected":false},"author":1,"featured_media":0,"parent":0,"menu_order":0,"comment_status":"closed","ping_status":"closed","template":"","meta":{"footnotes":""},"class_list":["post-15926","page","type-page","status-publish","hentry"],"_links":{"self":[{"href":"https:\/\/kurt-singer.com\/thailand\/wp-json\/wp\/v2\/pages\/15926","targetHints":{"allow":["GET"]}}],"collection":[{"href":"https:\/\/kurt-singer.com\/thailand\/wp-json\/wp\/v2\/pages"}],"about":[{"href":"https:\/\/kurt-singer.com\/thailand\/wp-json\/wp\/v2\/types\/page"}],"author":[{"embeddable":true,"href":"https:\/\/kurt-singer.com\/thailand\/wp-json\/wp\/v2\/users\/1"}],"replies":[{"embeddable":true,"href":"https:\/\/kurt-singer.com\/thailand\/wp-json\/wp\/v2\/comments?post=15926"}],"version-history":[{"count":5,"href":"https:\/\/kurt-singer.com\/thailand\/wp-json\/wp\/v2\/pages\/15926\/revisions"}],"predecessor-version":[{"id":16166,"href":"https:\/\/kurt-singer.com\/thailand\/wp-json\/wp\/v2\/pages\/15926\/revisions\/16166"}],"wp:attachment":[{"href":"https:\/\/kurt-singer.com\/thailand\/wp-json\/wp\/v2\/media?parent=15926"}],"curies":[{"name":"wp","href":"https:\/\/api.w.org\/{rel}","templated":true}]}}